{"id":3000,"date":"2017-05-02T23:09:17","date_gmt":"2017-05-02T23:09:17","guid":{"rendered":"http:\/\/leadermanagement.com.tr\/?page_id=3000"},"modified":"2017-07-08T14:02:39","modified_gmt":"2017-07-08T11:02:39","slug":"alanya_airport_transfer","status":"publish","type":"page","link":"http:\/\/leadermanagement.com.tr\/no\/alanya_airport_transfer\/","title":{"rendered":"BestHome  PLUS  Alanya  Airport  Transfer"},"content":{"rendered":"<div class=\"fusion-fullwidth fullwidth-box fusion-builder-row-1 fusion-parallax-fixed nonhundred-percent-fullwidth non-hundred-percent-height-scrolling\" style=\"background-color: rgba(255,255,255,0.9);background-image: url(&quot;http:\/\/leadermanagement.com.tr\/no\/wp-content\/uploads\/sites\/2\/2017\/04\/transfer.jpg&quot;);background-position: center center;background-repeat: no-repeat;background-blend-mode: overlay;padding-top:0px;padding-right:0px;padding-bottom:0px;padding-left:0px;margin-bottom: 0px;margin-top: 0px;border-width: 0px 0px 0px 0px;border-color:#eae9e9;border-style:solid;-webkit-background-size:cover;-moz-background-size:cover;-o-background-size:cover;background-size:cover;background-attachment:fixed;\" ><div class=\"fusion-builder-row fusion-row\"><div class=\"fusion-layout-column fusion_builder_column fusion-builder-column-0 fusion_builder_column_1_1 1_1 fusion-one-full fusion-column-first fusion-column-last fusion-column-no-min-height\" style=\"margin-top:0px;margin-bottom:0px;\"><div class=\"fusion-column-wrapper fusion-flex-column-wrapper-legacy\" style=\"background-position:left top;background-repeat:no-repeat;-webkit-background-size:cover;-moz-background-size:cover;-o-background-size:cover;background-size:cover;padding: 30px 0px 30px 0px;\"><style type=\"text\/css\"><\/style><div class=\"fusion-title title fusion-title-1 fusion-title-text fusion-title-size-one\" style=\"margin-top:0px;margin-bottom:0px;\"><h1 class=\"title-heading-left\" style=\"margin:0;\"><h1>ALANYA  AIRPORT  TRANSFER<\/h1><\/h1><div class=\"title-sep-container\"><div class=\"title-sep sep-single sep-dashed\" style=\"border-color:#f46f72;\"><\/div><\/div><\/div><div class=\"fusion-clearfix\"><\/div><\/div><\/div><div class=\"fusion-layout-column fusion_builder_column fusion-builder-column-1 fusion_builder_column_1_1 1_1 fusion-one-full fusion-column-first fusion-column-last fusion-column-no-min-height\" style=\"margin-top:0px;margin-bottom:0px;\"><div class=\"fusion-column-wrapper fusion-flex-column-wrapper-legacy\" style=\"background-position:left top;background-repeat:no-repeat;-webkit-background-size:cover;-moz-background-size:cover;-o-background-size:cover;background-size:cover;padding: 0px 0px 0px 0px;\"><div class=\"fusion-text fusion-text-1\"><p>BestHome  PLUS,  et  komplett  service  eiendoms-selskap\u00a0  i  Alanya  av  beste  kvalitet,  tilbyr  n\u00e5  Alanya  Airport  Transfer.<\/p>\n<p>Hvis  du  er  p\u00e5  utkikk  etter  Alanya  Transfer  Service,  beh\u00f8ver  du  ikke  lete  mer!<\/p>\n<p>Enten  du  trenger  transport  fra  Antalya  flyplass  til  Alanya  eller  transport  fra  Gazipasa  GZP  til  Alanya,  er  vi  her  for  deg.<\/p>\n<p>Bare  informer  oss  om  din  flyinformasjon  ikke  mindre  enn  48  timer  f\u00f8r  flyturen,  og  en  av  v\u00e5re  sj\u00e5f\u00f8rer  vil  vente  p\u00e5  deg  n\u00e5r  du  g\u00e5r  ut  av  ankomstsalongen.  N\u00e5r  du  reiser  hjem,  igjen,  vennligst  informer  oss  om  dine  flydetaljer  ikke  mindre  enn  24  timer  f\u00f8r  avreise  og  v\u00e5r  sj\u00e5f\u00f8r  vil  m\u00f8te  deg  i  leiligheten  din.<\/p>\n<\/div><div class=\"fusion-clearfix\"><\/div><\/div><\/div><div class=\"fusion-layout-column fusion_builder_column fusion-builder-column-2 fusion_builder_column_1_3 1_3 fusion-one-third fusion-column-first\" style=\"width:33.333333333333%;width:calc(33.333333333333% - ( ( 4% + 4% ) * 0.33333333333333 ) );margin-right: 4%;margin-top:0px;margin-bottom:0px;\"><div class=\"fusion-column-wrapper fusion-flex-column-wrapper-legacy\" style=\"background-position:left top;background-repeat:no-repeat;-webkit-background-size:cover;-moz-background-size:cover;-o-background-size:cover;background-size:cover;padding: 0px 0px 0px 50px;\"><div class=\"fusion-column-content-centered\"><div class=\"fusion-column-content\"><div class=\"fusion-flip-boxes flip-boxes row fusion-columns-1 flip-effect-classic\"><div class=\"fusion-flip-box-wrapper fusion-column col-lg-12 col-md-12 col-sm-12\"><div class=\"fusion-flip-box flip-right\" tabindex=\"0\"><div class=\"flip-box-inner-wrapper\"><div class=\"flip-box-front\" style=\"background-color:f6f6f6;border-color:rgba(255,255,255,0);border-radius:4px;border-style:solid;border-width:1px;color:747474;transition-duration:0.8s;\"><div class=\"flip-box-front-inner\"><div class=\"flip-box-grafix flip-box-no-circle\"><i aria-hidden=\"true\" class=\" fa fa-phone\" style=\"color:#cbaa5c;\"><\/i><\/div><h2 class=\"flip-box-heading without-text\" style=\"color:333333;\">Ring oss n\u00e5<\/h2><\/div><\/div><div class=\"flip-box-back\" style=\"background-color:#9e9e9e;border-color:rgba(255,255,255,0);border-radius:4px;border-style:solid;border-width:1px;color:#ffffff;transition-duration:0.8s;\"><div class=\"flip-box-back-inner\">\n<p>Hvis  du  har  flere  sp\u00f8rsm\u00e5l.<\/p>\n<div class=\"fusion-button-wrapper\"><style type=\"text\/css\">.fusion-button.button-1 .fusion-button-text, .fusion-button.button-1 i {color:#171717;}.fusion-button.button-1 .fusion-button-icon-divider{border-color:#171717;}.fusion-button.button-1:hover .fusion-button-text, .fusion-button.button-1:hover i,.fusion-button.button-1:focus .fusion-button-text, .fusion-button.button-1:focus i,.fusion-button.button-1:active .fusion-button-text, .fusion-button.button-1:active{color:#171717;}.fusion-button.button-1:hover .fusion-button-icon-divider, .fusion-button.button-1:hover .fusion-button-icon-divider, .fusion-button.button-1:active .fusion-button-icon-divider{border-color:#171717;}.fusion-button.button-1:hover, .fusion-button.button-1:focus, .fusion-button.button-1:active{border-color:#171717;border-width:0px;}.fusion-button.button-1 {border-color:#171717;border-width:0px;border-radius:0px;}.fusion-button.button-1{background: rgba(255,255,255,.25);}.fusion-button.button-1:hover,.button-1:focus,.fusion-button.button-1:active{background: rgba(255,255,255,.45);}<\/style><a class=\"fusion-button button-flat button-large button-custom button-1 fusion-button-default-span \" target=\"_self\" href=\"tel:+905323408821\"><span class=\"fusion-button-text\">Ring  oss  n\u00e5<\/span><\/a><\/div>\n<\/div><\/div><\/div><\/div><\/div><\/div><div class=\"clearfix\"><\/div><\/div><\/div><div class=\"fusion-clearfix\"><\/div><\/div><\/div><div class=\"fusion-layout-column fusion_builder_column fusion-builder-column-3 fusion_builder_column_1_3 1_3 fusion-one-third fusion-column-no-min-height\" style=\"width:33.333333333333%;width:calc(33.333333333333% - ( ( 4% + 4% ) * 0.33333333333333 ) );margin-right: 4%;margin-top:0px;margin-bottom:20px;\"><div class=\"fusion-column-wrapper fusion-flex-column-wrapper-legacy\" style=\"background-position:left top;background-repeat:no-repeat;-webkit-background-size:cover;-moz-background-size:cover;-o-background-size:cover;background-size:cover;padding: 0px 0px 0px 50px;\"><div class=\"fusion-column-content-centered\"><div class=\"fusion-column-content\"><div class=\"fusion-text fusion-text-2\"><h4 class=\"fusion-tab-heading\" style=\"text-align: center;\" data-fontsize=\"20\" data-lineheight=\"30\"><strong><span style=\"color: #f46f72;\">For  direktefly  til  \/  fra  Norge:<\/span><\/strong><\/h4>\n<\/div><ul class=\"fusion-checklist fusion-checklist-1\" style=\"font-size:13px;line-height:22.1px;\"><li class=\"fusion-li-item\"><span style=\"background-color:#f05858;font-size:11.44px;height:22.1px;width:22.1px;margin-right:9.1px;\" class=\"icon-wrapper circle-yes\"><i class=\"fusion-li-icon fa fa-user\" style=\"color:#ffffff;\" aria-hidden=\"true\"><\/i><\/span><div class=\"fusion-li-item-content\" style=\"margin-left:31.2px;\">\n<div class=\"nav\">\n<p>Fra  \/  til  Antalya  flyplass  :<\/p>\n<p>15  \u20ac  per  person  per  strekning.<\/p>\n<\/div>\n<\/div><\/li><li class=\"fusion-li-item\"><span style=\"background-color:#f05858;font-size:11.44px;height:22.1px;width:22.1px;margin-right:9.1px;\" class=\"icon-wrapper circle-yes\"><i class=\"fusion-li-icon fa fa-user\" style=\"color:#ffffff;\" aria-hidden=\"true\"><\/i><\/span><div class=\"fusion-li-item-content\" style=\"margin-left:31.2px;\">\n<p>Fra  \/  til  Gazipa\u015fa  flyplass  :<\/p>\n<p>10  \u20ac  per  person  per  strekning.<\/p>\n<\/div><\/li><\/ul><\/div><\/div><div class=\"fusion-clearfix\"><\/div><\/div><\/div><div class=\"fusion-layout-column fusion_builder_column fusion-builder-column-4 fusion_builder_column_1_3 1_3 fusion-one-third fusion-column-last fusion-column-no-min-height\" style=\"width:33.333333333333%;width:calc(33.333333333333% - ( ( 4% + 4% ) * 0.33333333333333 ) );margin-top:0px;margin-bottom:20px;\"><div class=\"fusion-column-wrapper fusion-flex-column-wrapper-legacy\" style=\"background-position:left top;background-repeat:no-repeat;-webkit-background-size:cover;-moz-background-size:cover;-o-background-size:cover;background-size:cover;padding: 0px 50px 0px 0px;\"><div class=\"fusion-column-content-centered\"><div class=\"fusion-column-content\"><div class=\"fusion-text fusion-text-3\"><h4 class=\"fusion-tab-heading\" style=\"text-align: center;\" data-fontsize=\"20\" data-lineheight=\"30\"><strong><span style=\"color: #f46f72;\">For  de  andre  flyene  :<\/span><\/strong><\/h4>\n<\/div><ul class=\"fusion-checklist fusion-checklist-2\" style=\"font-size:13px;line-height:22.1px;\"><li class=\"fusion-li-item\"><span style=\"background-color:#f05858;font-size:11.44px;height:22.1px;width:22.1px;margin-right:9.1px;\" class=\"icon-wrapper circle-yes\"><i class=\"fusion-li-icon fa fa-user\" style=\"color:#ffffff;\" aria-hidden=\"true\"><\/i><\/span><div class=\"fusion-li-item-content\" style=\"margin-left:31.2px;\">\n<p>Fra  \/  til  Antalya  flyplass  :<\/p>\n<p>Opptil  4  personer  60  \u20ac  per  strekning<\/p>\n<p>Mer  enn  4  personer:  15  \u20ac  per  person  per  strekning<\/p>\n<\/div><\/li><li class=\"fusion-li-item\"><span style=\"background-color:#f05858;font-size:11.44px;height:22.1px;width:22.1px;margin-right:9.1px;\" class=\"icon-wrapper circle-yes\"><i class=\"fusion-li-icon fa fa-user\" style=\"color:#ffffff;\" aria-hidden=\"true\"><\/i><\/span><div class=\"fusion-li-item-content\" style=\"margin-left:31.2px;\">\n<p>Fra  \/  til  Gazipa\u015fa  flyplass  :<\/p>\n<p>Opptil  4  personer  40  \u20ac  per  strekning<\/p>\n<p>Mer  enn  4  personer:  10  \u20ac  per  person  per  strekning<\/p>\n<\/div><\/li><\/ul><\/div><\/div><div class=\"fusion-clearfix\"><\/div><\/div><\/div><div class=\"fusion-layout-column fusion_builder_column fusion-builder-column-5 fusion_builder_column_1_1 1_1 fusion-one-full fusion-column-first fusion-column-last fusion-column-no-min-height\" style=\"margin-top:0px;margin-bottom:0px;\"><div class=\"fusion-column-wrapper fusion-flex-column-wrapper-legacy\" style=\"background-position:left top;background-repeat:no-repeat;-webkit-background-size:cover;-moz-background-size:cover;-o-background-size:cover;background-size:cover;padding: 20px 0px 20px 0px;\"><div class=\"fusion-text fusion-text-4\"><p>*  Husk,  vi  er  ikke  bare  et  annet  transportselskap.  Vi,  BestHome  PLUS  er  et  komplett  eiendoms-service  selskap  av  beste  kvalitet  i  Alanya,  og  vi  er  dedikert  til  \u00e5  gi  deg  det  beste.<\/p>\n<\/div><div class=\"fusion-clearfix\"><\/div><\/div><\/div><div class=\"fusion-layout-column fusion_builder_column fusion-builder-column-6 fusion_builder_column_1_1 1_1 fusion-one-full fusion-column-first fusion-column-last fusion-column-no-min-height\" style=\"margin-top:0px;margin-bottom:0px;\"><div class=\"fusion-column-wrapper fusion-flex-column-wrapper-legacy\" style=\"background-position:left top;background-repeat:no-repeat;-webkit-background-size:cover;-moz-background-size:cover;-o-background-size:cover;background-size:cover;padding: 0px 0px 0px 0px;\"><div class=\"fusion-text fusion-text-5\"><div role=\"form\" class=\"wpcf7\" id=\"wpcf7-f4047-o1\" lang=\"tr-TR\" dir=\"ltr\">\n<div class=\"screen-reader-response\" role=\"alert\" aria-live=\"polite\"><\/div>\n<form action=\"\/no\/wp-json\/wp\/v2\/pages\/3000#wpcf7-f4047-o1\" method=\"post\" class=\"wpcf7-form init cf7skins cf7s-vanilla\" novalidate=\"novalidate\">\n<div style=\"display: none;\">\n<input type=\"hidden\" name=\"_wpcf7\" value=\"4047\" \/>\n<input type=\"hidden\" name=\"_wpcf7_version\" value=\"5.2.2\" \/>\n<input type=\"hidden\" name=\"_wpcf7_locale\" value=\"tr_TR\" \/>\n<input type=\"hidden\" name=\"_wpcf7_unit_tag\" value=\"wpcf7-f4047-o1\" \/>\n<input type=\"hidden\" name=\"_wpcf7_container_post\" value=\"0\" \/>\n<input type=\"hidden\" name=\"_wpcf7_posted_data_hash\" value=\"\" \/>\n<\/div>\n<p>Your Subject <span class=\"wpcf7-form-control-wrap your-subject\"><input type=\"text\" name=\"your-subject\" value=\"\" size=\"40\" class=\"wpcf7-form-control wpcf7-text\" id=\"your-subject\" aria-invalid=\"false\" \/><\/span><\/p>\n<fieldset>\n<legend>Contact Details<\/legend>\n<ol>\n<li><label for='your-name'> Your Name (necessary) <em class=\"cf7s-reqd\">*<\/em> <\/label><span class=\"wpcf7-form-control-wrap your-name\"><input type=\"text\" name=\"your-name\" value=\"\" size=\"40\" class=\"wpcf7-form-control wpcf7-text wpcf7-validates-as-required\" id=\"your-name\" aria-required=\"true\" aria-invalid=\"false\" \/><\/span> <\/li>\n<li><label for='your-email'> Email Your E-mail <\/label><span class=\"wpcf7-form-control-wrap your-email\"><input type=\"email\" name=\"your-email\" value=\"\" size=\"40\" class=\"wpcf7-form-control wpcf7-text wpcf7-email wpcf7-validates-as-email\" id=\"your-email\" aria-invalid=\"false\" \/><\/span> <\/li>\n<li><label for='your_phone_number'> Your Phone Number <\/label><span class=\"wpcf7-form-control-wrap your_phone_number\"><input type=\"tel\" name=\"your_phone_number\" value=\"\" size=\"40\" class=\"wpcf7-form-control wpcf7-text wpcf7-tel wpcf7-validates-as-tel\" id=\"your_phone_number\" aria-invalid=\"false\" \/><\/span> <\/li>\n<li><label for='Requests'> Requests <\/label><span class=\"wpcf7-form-control-wrap Requests\"><textarea name=\"Requests\" cols=\"40\" rows=\"10\" class=\"wpcf7-form-control wpcf7-textarea\" id=\"Requests\" aria-invalid=\"false\"><\/textarea><\/span> <\/li>\n<\/ol>\n<fieldset>\n<legend>Transfer Details<\/legend>\n<ol>\n<li><label for='ArrivalDate'> Arrival Date <\/label><span class=\"wpcf7-form-control-wrap ArrivalDate\"><input type=\"text\" name=\"ArrivalDate\" value=\"\" size=\"40\" class=\"wpcf7-form-control wpcf7-date\" \/> <\/span> <\/li>\n<li><label for='ArrivalTime'> Arrival Time <\/label><span class=\"wpcf7-form-control-wrap ArrivalTime\"><input type=\"text\" name=\"ArrivalTime\" value=\"\" size=\"40\" class=\"wpcf7-form-control wpcf7-date wpcf7-time\" id=\"ArrivalTime\" \/> <\/span> <\/li>\n<li><label for='Arr-flight-number'> Arrival Flight Number <\/label><span class=\"wpcf7-form-control-wrap Arr-flight-number\"><input type=\"text\" name=\"Arr-flight-number\" value=\"\" size=\"40\" class=\"wpcf7-form-control wpcf7-text\" id=\"Arr-flight-number\" aria-invalid=\"false\" \/><\/span> <\/li>\n<li><label for='Arr-from'> Flight From <\/label><span class=\"wpcf7-form-control-wrap Arr-from\"><input type=\"text\" name=\"Arr-from\" value=\"\" size=\"40\" class=\"wpcf7-form-control wpcf7-text\" id=\"Arr-from\" aria-invalid=\"false\" \/><\/span> <\/li>\n<li><label for='DepartureDate'> Departure Date <\/label><span class=\"wpcf7-form-control-wrap DepartureDate\"><input type=\"text\" name=\"DepartureDate\" value=\"\" size=\"40\" class=\"wpcf7-form-control wpcf7-date\" \/> <\/span> <\/li>\n<li><label for='DepartureTime'> Departure Time <\/label><span class=\"wpcf7-form-control-wrap DepartureTime\"><input type=\"text\" name=\"DepartureTime\" value=\"\" size=\"40\" class=\"wpcf7-form-control wpcf7-date wpcf7-time\" id=\"DepartureTime\" \/> <\/span> <\/li>\n<li><label for='Dep-flight-number'> Departure Flight Number <\/label><span class=\"wpcf7-form-control-wrap Dep-flight-number\"><input type=\"text\" name=\"Dep-flight-number\" value=\"\" size=\"40\" class=\"wpcf7-form-control wpcf7-text\" id=\"Dep-flight-number\" aria-invalid=\"false\" \/><\/span> <\/li>\n<li><label for='Arr-To'> Flight To <\/label><span class=\"wpcf7-form-control-wrap Arr-To\"><input type=\"text\" name=\"Arr-To\" value=\"\" size=\"40\" class=\"wpcf7-form-control wpcf7-text\" id=\"Arr-To\" aria-invalid=\"false\" \/><\/span> <\/li>\n<li><label for='number-person'> Number of Person <em class=\"cf7s-reqd\">*<\/em> <\/label><span class=\"wpcf7-form-control-wrap number-person\"><input type=\"text\" name=\"number-person\" value=\"1\" size=\"40\" class=\"wpcf7-form-control wpcf7-text wpcf7-validates-as-required\" id=\"number-person\" aria-required=\"true\" aria-invalid=\"false\" \/><\/span><\/li>\n<li><label for='Payment-Type'> Payment Type <\/label><span class=\"wpcf7-form-control-wrap Payment-Type\"><span class=\"wpcf7-form-control wpcf7-radio\" id=\"Payment-Type\"><span class=\"wpcf7-list-item first\"><input type=\"radio\" name=\"Payment-Type\" value=\"Cash\" checked=\"checked\" \/><span class=\"wpcf7-list-item-label\">Cash<\/span><\/span><span class=\"wpcf7-list-item last\"><input type=\"radio\" name=\"Payment-Type\" value=\"BestHome PLUS Account\" \/><span class=\"wpcf7-list-item-label\">BestHome PLUS Account<\/span><\/span><\/span><\/span> <\/li>\n<li><label for='Site-Name'> Site Name <\/label><span class=\"wpcf7-form-control-wrap Site-Name\"><input type=\"text\" name=\"Site-Name\" value=\"\" size=\"40\" class=\"wpcf7-form-control wpcf7-text\" id=\"Site-Name\" aria-invalid=\"false\" \/><\/span> <\/li>\n<li><label for='Flat-No'> Flat number <\/label><span class=\"wpcf7-form-control-wrap Flat-No\"><input type=\"text\" name=\"Flat-No\" value=\"\" size=\"40\" class=\"wpcf7-form-control wpcf7-text\" id=\"Flat-No\" aria-invalid=\"false\" \/><\/span> <\/li>\n<\/ol><\/fieldset>\n<p>\t<input type=\"submit\" value=\"SUBMIT\" class=\"wpcf7-form-control wpcf7-submit\" \/><\/p>\n<p>* Required<\/p>\n<\/fieldset>\n<div class=\"fusion-alert alert custom alert-custom fusion-alert-center wpcf7-response-output fusion-alert-capitalize alert-dismissable\" style=\"border-width:1px;\"><button type=\"button\" class=\"close toggle-alert\" data-dismiss=\"alert\" aria-hidden=\"true\">&times;<\/button><div class=\"fusion-alert-content-wrapper\"><span class=\"fusion-alert-content\"><\/span><\/div><\/div><\/form><\/div>\n<\/div><div class=\"fusion-clearfix\"><\/div><\/div><\/div><div class=\"fusion-layout-column fusion_builder_column fusion-builder-column-7 fusion_builder_column_1_1 1_1 fusion-one-full fusion-column-first fusion-column-last fusion-column-no-min-height\" style=\"margin-top:0px;margin-bottom:0px;\"><div class=\"fusion-column-wrapper fusion-flex-column-wrapper-legacy\" style=\"background-position:left top;background-repeat:no-repeat;-webkit-background-size:cover;-moz-background-size:cover;-o-background-size:cover;background-size:cover;padding: 0px 0px 0px 0px;\"><div class=\"fusion-sep-clear\"><\/div><div class=\"fusion-separator fusion-full-width-sep\" style=\"margin-left: auto;margin-right: auto;margin-top:20px;width:100%;\"><\/div><div class=\"fusion-sep-clear\"><\/div><style type=\"text\/css\"><\/style><div class=\"fusion-title title fusion-title-2 fusion-title-text fusion-title-size-two\" style=\"margin-top:0px;margin-bottom:0px;\"><h2 class=\"title-heading-left\" style=\"margin:0;\">Vi  vil  gjerne  h\u00f8re  fra  deg;  Ta  kontakt  med  oss  \u200b\u200b!<\/h2><div class=\"title-sep-container\"><div class=\"title-sep sep-double sep-solid\" style=\"border-color:#e0dede;\"><\/div><\/div><\/div><div class=\"fusion-clearfix\"><\/div><\/div><\/div><div class=\"fusion-layout-column fusion_builder_column fusion-builder-column-8 fusion_builder_column_1_1 1_1 fusion-one-full fusion-column-first fusion-column-last fusion-column-no-min-height\" style=\"margin-top:0px;margin-bottom:0px;\"><div class=\"fusion-column-wrapper fusion-flex-column-wrapper-legacy\" style=\"background-position:left top;background-repeat:no-repeat;-webkit-background-size:cover;-moz-background-size:cover;-o-background-size:cover;background-size:cover;padding: 0px 0px 0px 0px;\"><div class=\"fusion-sep-clear\"><\/div><div class=\"fusion-separator fusion-full-width-sep\" style=\"margin-left: auto;margin-right: auto;margin-top:20px;width:100%;\"><\/div><div class=\"fusion-sep-clear\"><\/div><div class=\"fusion-text fusion-text-6\"><p style=\"text-align: left;\"><strong>BestHome  Alanya  Office<\/strong><\/p>\n<p style=\"text-align: left;\">Kizlarpinari  Mah.,  Spor  Cad.  9\/1,  Alanya.<\/p>\n<p style=\"text-align: left;\"><strong>Office  opening  hours:<\/strong>  Monday  to  Saturday:  9  a.m.  &#8211;\u00a05  p.m.<\/p>\n<p style=\"text-align: left;\"><strong>Tel:<\/strong>  +90  242  511  22  08<\/p>\n<p style=\"text-align: left;\"><strong>Fax:<\/strong>  +90  242  511  22  59<\/p>\n<p style=\"text-align: left;\"><strong>E-mail:<\/strong> <a href=\"mailto:info@besthome.com.tr\">info@besthome.com.tr<\/a><\/p>\n<\/div><div class=\"fusion-sep-clear\"><\/div><div class=\"fusion-separator fusion-full-width-sep\" style=\"margin-left: auto;margin-right: auto;margin-top:20px;width:100%;\"><\/div><div class=\"fusion-sep-clear\"><\/div><div class=\"fusion-clearfix\"><\/div><\/div><\/div><\/div><\/div>\n","protected":false},"excerpt":{"rendered":"","protected":false},"author":1,"featured_media":0,"parent":0,"menu_order":0,"comment_status":"open","ping_status":"open","template":"100-width.php","meta":[],"_links":{"self":[{"href":"http:\/\/leadermanagement.com.tr\/no\/wp-json\/wp\/v2\/pages\/3000"}],"collection":[{"href":"http:\/\/leadermanagement.com.tr\/no\/wp-json\/wp\/v2\/pages"}],"about":[{"href":"http:\/\/leadermanagement.com.tr\/no\/wp-json\/wp\/v2\/types\/page"}],"author":[{"embeddable":true,"href":"http:\/\/leadermanagement.com.tr\/no\/wp-json\/wp\/v2\/users\/1"}],"replies":[{"embeddable":true,"href":"http:\/\/leadermanagement.com.tr\/no\/wp-json\/wp\/v2\/comments?post=3000"}],"version-history":[{"count":3,"href":"http:\/\/leadermanagement.com.tr\/no\/wp-json\/wp\/v2\/pages\/3000\/revisions"}],"predecessor-version":[{"id":4460,"href":"http:\/\/leadermanagement.com.tr\/no\/wp-json\/wp\/v2\/pages\/3000\/revisions\/4460"}],"wp:attachment":[{"href":"http:\/\/leadermanagement.com.tr\/no\/wp-json\/wp\/v2\/media?parent=3000"}],"curies":[{"name":"wp","href":"https:\/\/api.w.org\/{rel}","templated":true}]}}